{"id":9,"date":"2015-08-02T13:36:54","date_gmt":"2015-08-02T13:36:54","guid":{"rendered":"http:\/\/mathazay.fr\/?page_id=9"},"modified":"2016-09-03T09:15:52","modified_gmt":"2016-09-03T09:15:52","slug":"seconde","status":"publish","type":"page","link":"https:\/\/mathazay.fr\/?page_id=9","title":{"rendered":"Seconde"},"content":{"rendered":"<ul>\n<li><a href=\"http:\/\/mathazay.fr\/wp-content\/uploads\/2016\/01\/Rantanplan2.pdf\" rel=\"\">Le plan de l&rsquo;ann\u00e9e<\/a><\/li>\n<li><a href=\"http:\/\/wims.auto.u-psud.fr\/wims\/wims.cgi?module=adm\/class\/classes&amp;type=authparticipant&amp;class=2457596&amp;subclass=yes\">Le site de travail personnel<\/a><\/li>\n<li><a href=\"http:\/\/mep-outils.sesamath.net\/manuel_numerique\/?ouvrage=ms2_2014\">Le livre S\u00e9samath <\/a>(sur ordinateur)<\/li>\n<li><a href=\"http:\/\/www.maths-et-tiques.fr\/index.php\/cours-en-videos\/cours-et-methodes-en-videos\/2nde\">La seconde en vid\u00e9o<\/a><\/li>\n<li><a href=\"http:\/\/youtube.com\/user\/YMONKA\/playlists?sort=dd&amp;view=50&amp;shelf_id=12\">Utiliser la calculatrice Casio ou TI<\/a><\/li>\n<li><a href=\"http:\/\/microalg.info\/ide.html\">Algorithmes<\/a> avec MicroAlg<\/li>\n<li>D\u00e9couvrir <a href=\"http:\/\/geotortue.free.fr\/\">G\u00e9oTortue<\/a><\/li>\n<li><a href=\"http:\/\/www.concours-alkindi.fr\/\">Le concours Al Kindi<\/a><\/li>\n<\/ul>\n<ol>\n<li><a href=\"http:\/\/mathazay.fr\/?p=11\">Le rep\u00e9rage dans le plan<\/a><\/li>\n<li><a href=\"http:\/\/mathazay.fr\/?p=196\">Lectures de fonctions<\/a><\/li>\n<li><a href=\"http:\/\/mathazay.fr\/?p=254\">Donn\u00e9es et statistiques<\/a><\/li>\n<li><a href=\"http:\/\/mathazay.fr\/?p=293\">D\u00e9couverte des vecteurs<\/a><\/li>\n<li><a href=\"http:\/\/mathazay.fr\/?p=338\">Les fonctions affines<\/a><\/li>\n<li><a href=\"http:\/\/mathazay.fr\/?p=389\">La g\u00e9om\u00e9trie dans l&rsquo;espace<\/a><\/li>\n<li><a href=\"http:\/\/mathazay.fr\/?p=420\">\u00c9chantillonnage<\/a><\/li>\n<li><a href=\"http:\/\/mathazay.fr\/?p=460\">Vecteurs et coordonn\u00e9es<\/a><\/li>\n<li><a href=\"http:\/\/mathazay.fr\/?p=485\">Paraboles et second degr\u00e9<\/a><\/li>\n<li><a href=\"http:\/\/mathazay.fr\/?p=511\">Colin\u00e9arit\u00e9 &#8211; alignements<\/a><\/li>\n<li><a href=\"http:\/\/mathazay.fr\/?p=668\">Probabilit\u00e9s discr\u00e8tes<\/a><\/li>\n<li><a href=\"http:\/\/mathazay.fr\/?p=692\">Rep\u00e9rage sur le cercle<\/a><\/li>\n<li><a href=\"http:\/\/mathazay.fr\/?p=703\">Hyperboles et fonctions homographiques<\/a><\/li>\n<\/ol>\n","protected":false},"excerpt":{"rendered":"<p>Le plan de l&rsquo;ann\u00e9e Le site de travail personnel Le livre S\u00e9samath (sur ordinateur) La seconde en vid\u00e9o Utiliser la calculatrice Casio ou TI Algorithmes avec MicroAlg D\u00e9couvrir G\u00e9oTortue Le concours Al Kindi Le rep\u00e9rage dans le plan Lectures de fonctions Donn\u00e9es et statistiques D\u00e9couverte des vecteurs Les fonctions affines La g\u00e9om\u00e9trie dans l&rsquo;espace \u00c9chantillonnage &hellip; <a href=\"https:\/\/mathazay.fr\/?page_id=9\" class=\"more-link\">Continuer la lecture de <span class=\"screen-reader-text\">Seconde<\/span><\/a><\/p>\n","protected":false},"author":2,"featured_media":105,"parent":48,"menu_order":1,"comment_status":"closed","ping_status":"closed","template":"","meta":{"inline_featured_image":false,"footnotes":""},"class_list":["post-9","page","type-page","status-publish","has-post-thumbnail","hentry"],"jetpack_sharing_enabled":true,"_links":{"self":[{"href":"https:\/\/mathazay.fr\/index.php?rest_route=\/wp\/v2\/pages\/9","targetHints":{"allow":["GET"]}}],"collection":[{"href":"https:\/\/mathazay.fr\/index.php?rest_route=\/wp\/v2\/pages"}],"about":[{"href":"https:\/\/mathazay.fr\/index.php?rest_route=\/wp\/v2\/types\/page"}],"author":[{"embeddable":true,"href":"https:\/\/mathazay.fr\/index.php?rest_route=\/wp\/v2\/users\/2"}],"replies":[{"embeddable":true,"href":"https:\/\/mathazay.fr\/index.php?rest_route=%2Fwp%2Fv2%2Fcomments&post=9"}],"version-history":[{"count":43,"href":"https:\/\/mathazay.fr\/index.php?rest_route=\/wp\/v2\/pages\/9\/revisions"}],"predecessor-version":[{"id":925,"href":"https:\/\/mathazay.fr\/index.php?rest_route=\/wp\/v2\/pages\/9\/revisions\/925"}],"up":[{"embeddable":true,"href":"https:\/\/mathazay.fr\/index.php?rest_route=\/wp\/v2\/pages\/48"}],"wp:featuredmedia":[{"embeddable":true,"href":"https:\/\/mathazay.fr\/index.php?rest_route=\/wp\/v2\/media\/105"}],"wp:attachment":[{"href":"https:\/\/mathazay.fr\/index.php?rest_route=%2Fwp%2Fv2%2Fmedia&parent=9"}],"curies":[{"name":"wp","href":"https:\/\/api.w.org\/{rel}","templated":true}]}}