{"id":15,"date":"2015-08-02T13:39:38","date_gmt":"2015-08-02T13:39:38","guid":{"rendered":"http:\/\/mathazay.fr\/?page_id=15"},"modified":"2016-09-03T09:16:50","modified_gmt":"2016-09-03T09:16:50","slug":"terminale-es","status":"publish","type":"page","link":"https:\/\/mathazay.fr\/?page_id=15","title":{"rendered":"Terminale ES"},"content":{"rendered":"<ul>\n<li><a href=\"http:\/\/mathazay.fr\/wp-content\/uploads\/2016\/01\/RantanplanTES.pdf\" rel=\"\">Le plan de l&rsquo;ann\u00e9e<\/a><\/li>\n<li><a href=\"http:\/\/wims.auto.u-psud.fr\/wims\/wims.cgi?module=adm\/class\/classes&amp;type=authparticipant&amp;class=6160191&amp;subclass=yes\">Le site de travail personnel<\/a><\/li>\n<li><a href=\"http:\/\/www.afterclasse.fr\/#!accueil-matiere\/11\/mathematiques\">R\u00e9viser les maths<\/a><\/li>\n<li><a href=\"http:\/\/www.maths-et-tiques.fr\/index.php\/cours-en-videos\/cours-et-methodes-en-videos\/tale-es-l\">La TES en vid\u00e9o<\/a><\/li>\n<li><a href=\"https:\/\/www.youtube.com\/user\/YMONKA\/playlists?sort=dd&amp;view=50&amp;shelf_id=12\">Utiliser la calculatrice Casio ou TI<\/a><\/li>\n<li><a href=\"http:\/\/microalg.info\/ide.html\">Algorithmes<\/a> avec MicroAlg<\/li>\n<\/ul>\n<ol>\n<li><a href=\"http:\/\/mathazay.fr\/?p=19\">La continuit\u00e9<\/a><\/li>\n<li><a href=\"http:\/\/mathazay.fr\/?p=219\">Les suites arithm\u00e9tiques et g\u00e9om\u00e9triques<\/a><\/li>\n<li><a href=\"http:\/\/mathazay.fr\/?p=273\">Les probabilit\u00e9s conditionnelles et totales<\/a><\/li>\n<li><a href=\"http:\/\/mathazay.fr\/?p=306\">Les fonctions exponentielles<\/a><\/li>\n<li><a href=\"http:\/\/mathazay.fr\/?p=372\">Les suites arithm\u00e9tico-g\u00e9om\u00e9triques<\/a><\/li>\n<li><a href=\"http:\/\/mathazay.fr\/?p=393\">La loi binomiale<\/a><\/li>\n<li><a href=\"http:\/\/mathazay.fr\/?p=430\">La fonction logarithme<\/a><\/li>\n<li><a href=\"http:\/\/mathazay.fr\/?p=465\">Fluctuation, estimation<\/a><\/li>\n<li><a href=\"http:\/\/mathazay.fr\/?p=480\">Primitives et int\u00e9grales<\/a><\/li>\n<li><a href=\"http:\/\/mathazay.fr\/?p=529\">La loi uniforme<\/a><\/li>\n<li><a href=\"http:\/\/mathazay.fr\/?p=532\">La convexit\u00e9<\/a><\/li>\n<li><a href=\"http:\/\/mathazay.fr\/?p=558\">La loi normale<\/a><\/li>\n<\/ol>\n<p><a href=\"http:\/\/mathazay.fr\/?p=600\">La r\u00e9vision<\/a><\/p>\n","protected":false},"excerpt":{"rendered":"<p>Le plan de l&rsquo;ann\u00e9e Le site de travail personnel R\u00e9viser les maths La TES en vid\u00e9o Utiliser la calculatrice Casio ou TI Algorithmes avec MicroAlg La continuit\u00e9 Les suites arithm\u00e9tiques et g\u00e9om\u00e9triques Les probabilit\u00e9s conditionnelles et totales Les fonctions exponentielles Les suites arithm\u00e9tico-g\u00e9om\u00e9triques La loi binomiale La fonction logarithme Fluctuation, estimation Primitives et int\u00e9grales La &hellip; <a href=\"https:\/\/mathazay.fr\/?page_id=15\" class=\"more-link\">Continuer la lecture de <span class=\"screen-reader-text\">Terminale ES<\/span><\/a><\/p>\n","protected":false},"author":2,"featured_media":106,"parent":48,"menu_order":3,"comment_status":"closed","ping_status":"closed","template":"","meta":{"inline_featured_image":false,"footnotes":""},"class_list":["post-15","page","type-page","status-publish","has-post-thumbnail","hentry"],"jetpack_sharing_enabled":true,"_links":{"self":[{"href":"https:\/\/mathazay.fr\/index.php?rest_route=\/wp\/v2\/pages\/15","targetHints":{"allow":["GET"]}}],"collection":[{"href":"https:\/\/mathazay.fr\/index.php?rest_route=\/wp\/v2\/pages"}],"about":[{"href":"https:\/\/mathazay.fr\/index.php?rest_route=\/wp\/v2\/types\/page"}],"author":[{"embeddable":true,"href":"https:\/\/mathazay.fr\/index.php?rest_route=\/wp\/v2\/users\/2"}],"replies":[{"embeddable":true,"href":"https:\/\/mathazay.fr\/index.php?rest_route=%2Fwp%2Fv2%2Fcomments&post=15"}],"version-history":[{"count":35,"href":"https:\/\/mathazay.fr\/index.php?rest_route=\/wp\/v2\/pages\/15\/revisions"}],"predecessor-version":[{"id":927,"href":"https:\/\/mathazay.fr\/index.php?rest_route=\/wp\/v2\/pages\/15\/revisions\/927"}],"up":[{"embeddable":true,"href":"https:\/\/mathazay.fr\/index.php?rest_route=\/wp\/v2\/pages\/48"}],"wp:featuredmedia":[{"embeddable":true,"href":"https:\/\/mathazay.fr\/index.php?rest_route=\/wp\/v2\/media\/106"}],"wp:attachment":[{"href":"https:\/\/mathazay.fr\/index.php?rest_route=%2Fwp%2Fv2%2Fmedia&parent=15"}],"curies":[{"name":"wp","href":"https:\/\/api.w.org\/{rel}","templated":true}]}}