{"id":1417,"date":"2019-08-12T15:21:02","date_gmt":"2019-08-12T13:21:02","guid":{"rendered":"http:\/\/mathazay.fr\/?page_id=1417"},"modified":"2019-08-12T15:32:10","modified_gmt":"2019-08-12T13:32:10","slug":"politique-de-confidentialite","status":"publish","type":"page","link":"https:\/\/mathazay.fr\/?page_id=1417","title":{"rendered":"Politique de confidentialit\u00e9"},"content":{"rendered":"\n<h2 class=\"wp-block-heading\">Qui sommes-nous&nbsp;?<\/h2>\n\n\n\n<p>Le propri\u00e9taire de ce site est : Jean-Pierre Gerbal. <\/p>\n\n\n\n<p>L\u2019adresse de mon site Web est&nbsp;: http:\/\/mathazay.fr. Il est h\u00e9berg\u00e9 en France par Ovh.com\/fr <\/p>\n\n\n\n<h2 class=\"wp-block-heading\">Utilisation des donn\u00e9es personnelles collect\u00e9es<\/h2>\n\n\n\n<h3 class=\"wp-block-heading\">Contenu embarqu\u00e9 depuis d\u2019autres sites<\/h3>\n\n\n\n<p>Les articles de ce site peuvent inclure des contenus int\u00e9gr\u00e9s (par exemple des vid\u00e9os, images, articles\u2026). Le contenu int\u00e9gr\u00e9 depuis d\u2019autres sites se comporte de la m\u00eame mani\u00e8re que si le visiteur se rendait sur cet autre site.<\/p>\n\n\n\n<p>Ces sites web pourraient collecter des donn\u00e9es sur vous, utiliser des cookies, embarquer des outils de suivis tiers, suivre vos interactions avec ces contenus embarqu\u00e9s si vous disposez d\u2019un compte connect\u00e9 sur leur site web.<\/p>\n\n\n\n<h3 class=\"wp-block-heading\">Statistiques et mesures d\u2019audience<\/h3>\n\n\n\n<p>L\u2019IP de connexion, le mat\u00e9riel et le logiciel utilis\u00e9s pour se connecter, le pays de connexion sont relev\u00e9s \u00e0 des fins statistiques.<\/p>\n\n\n\n<p>Les commentaires des visiteurs peuvent \u00eatre v\u00e9rifi\u00e9s \u00e0 l\u2019aide d\u2019un service automatis\u00e9 de d\u00e9tection des commentaires ind\u00e9sirables.<\/p>\n\n\n\n<h2 class=\"wp-block-heading\">Informations de contact<\/h2>\n\n\n\n<p>Vous pouvez \u00e9crire pour tout renseignement \u00e0 : mathazay arobase gmail point com<\/p>\n","protected":false},"excerpt":{"rendered":"<p>Qui sommes-nous&nbsp;? Le propri\u00e9taire de ce site est : Jean-Pierre Gerbal. L\u2019adresse de mon site Web est&nbsp;: http:\/\/mathazay.fr. Il est h\u00e9berg\u00e9 en France par Ovh.com\/fr Utilisation des donn\u00e9es personnelles collect\u00e9es Contenu embarqu\u00e9 depuis d\u2019autres sites Les articles de ce site peuvent inclure des contenus int\u00e9gr\u00e9s (par exemple des vid\u00e9os, images, articles\u2026). Le contenu int\u00e9gr\u00e9 depuis &hellip; <a href=\"https:\/\/mathazay.fr\/?page_id=1417\" class=\"more-link\">Continuer la lecture de <span class=\"screen-reader-text\">Politique de confidentialit\u00e9<\/span><\/a><\/p>\n","protected":false},"author":1,"featured_media":0,"parent":0,"menu_order":0,"comment_status":"closed","ping_status":"closed","template":"","meta":{"inline_featured_image":false,"footnotes":""},"class_list":["post-1417","page","type-page","status-publish","hentry"],"jetpack_sharing_enabled":true,"_links":{"self":[{"href":"https:\/\/mathazay.fr\/index.php?rest_route=\/wp\/v2\/pages\/1417","targetHints":{"allow":["GET"]}}],"collection":[{"href":"https:\/\/mathazay.fr\/index.php?rest_route=\/wp\/v2\/pages"}],"about":[{"href":"https:\/\/mathazay.fr\/index.php?rest_route=\/wp\/v2\/types\/page"}],"author":[{"embeddable":true,"href":"https:\/\/mathazay.fr\/index.php?rest_route=\/wp\/v2\/users\/1"}],"replies":[{"embeddable":true,"href":"https:\/\/mathazay.fr\/index.php?rest_route=%2Fwp%2Fv2%2Fcomments&post=1417"}],"version-history":[{"count":6,"href":"https:\/\/mathazay.fr\/index.php?rest_route=\/wp\/v2\/pages\/1417\/revisions"}],"predecessor-version":[{"id":1423,"href":"https:\/\/mathazay.fr\/index.php?rest_route=\/wp\/v2\/pages\/1417\/revisions\/1423"}],"wp:attachment":[{"href":"https:\/\/mathazay.fr\/index.php?rest_route=%2Fwp%2Fv2%2Fmedia&parent=1417"}],"curies":[{"name":"wp","href":"https:\/\/api.w.org\/{rel}","templated":true}]}}