{"id":13,"date":"2015-08-02T13:39:18","date_gmt":"2015-08-02T13:39:18","guid":{"rendered":"http:\/\/mathazay.fr\/?page_id=13"},"modified":"2018-09-18T14:46:39","modified_gmt":"2018-09-18T12:46:39","slug":"premiere-s","status":"publish","type":"page","link":"https:\/\/mathazay.fr\/?page_id=13","title":{"rendered":"Premi\u00e8re S"},"content":{"rendered":"<ul>\n<li><a href=\"http:\/\/mathazay.fr\/wp-content\/uploads\/2015\/08\/Plan1S.pdf\">Le plan de l&rsquo;ann\u00e9e<\/a><\/li>\n<li><a href=\"http:\/\/wims.auto.u-psud.fr\/wims\/wims.cgi?module=adm\/class\/classes&amp;type=authparticipant&amp;class=6902425&amp;subclass=yes\">Le site de travail personnel<\/a><\/li>\n<li><a href=\"http:\/\/mep-outils.sesamath.net\/manuel_numerique\/?ouvrage=ms1s_2015\">Le livre S\u00e9samath<\/a> (sur ordinateur)<\/li>\n<li><a href=\"http:\/\/www.afterclasse.fr\/#!accueil-matiere\/19\/mathematiques\">Le livre AfterClasse<\/a><\/li>\n<li><a href=\"http:\/\/www.maths-et-tiques.fr\/index.php\/cours-en-videos\/cours-et-methodes-en-videos\/1ere-s\">La 1S en vid\u00e9o<\/a><\/li>\n<li><a href=\"https:\/\/www.youtube.com\/user\/YMONKA\/playlists?sort=dd&amp;view=50&amp;shelf_id=12\">Utiliser la calculatrice Casio ou TI<\/a><\/li>\n<li><a href=\"http:\/\/microalg.info\/ide.html\">Algorithmes<\/a> avec MicroAlg<\/li>\n<li><a href=\"https:\/\/emilypython.wordpress.com\">Un site pour travailler Python<\/a><\/li>\n<\/ul>\n<ol>\n<li><a href=\"http:\/\/mathazay.fr\/?p=17\">Le second degr\u00e9<\/a><\/li>\n<li><a href=\"http:\/\/mathazay.fr\/?p=189\">La colin\u00e9arit\u00e9 et les droites<\/a><\/li>\n<li><a href=\"http:\/\/mathazay.fr\/?p=246\">Suites num\u00e9riques : les bases<\/a><\/li>\n<li><a href=\"http:\/\/mathazay.fr\/?p=301\">Les statistiques \u00e0 une variable<\/a><\/li>\n<li><a href=\"http:\/\/mathazay.fr\/?p=326\">Les fonctions de r\u00e9f\u00e9rence<\/a><\/li>\n<li><a href=\"http:\/\/mathazay.fr\/?p=376\">Suites : croissance lin\u00e9aire, exponentielle<\/a><\/li>\n<li><a href=\"http:\/\/mathazay.fr\/?p=407\">La trigonom\u00e9trie<\/a><\/li>\n<li><a href=\"http:\/\/mathazay.fr\/?p=453\">D\u00e9rivation (1) : le nombre d\u00e9riv\u00e9<\/a><\/li>\n<li><a href=\"http:\/\/mathazay.fr\/?p=488\">Variables al\u00e9atoires discr\u00e8tes : les bases<\/a><\/li>\n<li><a href=\"http:\/\/mathazay.fr\/?p=506\">Suites : variations, limites<\/a><\/li>\n<li><a href=\"http:\/\/mathazay.fr\/?p=563\">Produit scalaire (1) : calcul<\/a>er<\/li>\n<li><a href=\"http:\/\/mathazay.fr\/?p=572\">D\u00e9rivation (2) : variations des fonctions<\/a><\/li>\n<li><a href=\"http:\/\/mathazay.fr\/?p=580\">Variables al\u00e9atoires discr\u00e8tes : la loi binomiale<\/a><\/li>\n<li><a href=\"http:\/\/mathazay.fr\/?p=577\">Produit scalaire (2) : mesurer<\/a><\/li>\n<li><a href=\"http:\/\/mathazay.fr\/?p=597\">Estimation et \u00e9chantillonnage<\/a><\/li>\n<\/ol>\n","protected":false},"excerpt":{"rendered":"<p>Le plan de l&rsquo;ann\u00e9e Le site de travail personnel Le livre S\u00e9samath (sur ordinateur) Le livre AfterClasse La 1S en vid\u00e9o Utiliser la calculatrice Casio ou TI Algorithmes avec MicroAlg Un site pour travailler Python Le second degr\u00e9 La colin\u00e9arit\u00e9 et les droites Suites num\u00e9riques : les bases Les statistiques \u00e0 une variable Les fonctions &hellip; <a href=\"https:\/\/mathazay.fr\/?page_id=13\" class=\"more-link\">Continuer la lecture de <span class=\"screen-reader-text\">Premi\u00e8re S<\/span><\/a><\/p>\n","protected":false},"author":2,"featured_media":104,"parent":48,"menu_order":2,"comment_status":"closed","ping_status":"closed","template":"","meta":{"inline_featured_image":false,"footnotes":""},"class_list":["post-13","page","type-page","status-publish","has-post-thumbnail","hentry"],"jetpack_sharing_enabled":true,"_links":{"self":[{"href":"https:\/\/mathazay.fr\/index.php?rest_route=\/wp\/v2\/pages\/13","targetHints":{"allow":["GET"]}}],"collection":[{"href":"https:\/\/mathazay.fr\/index.php?rest_route=\/wp\/v2\/pages"}],"about":[{"href":"https:\/\/mathazay.fr\/index.php?rest_route=\/wp\/v2\/types\/page"}],"author":[{"embeddable":true,"href":"https:\/\/mathazay.fr\/index.php?rest_route=\/wp\/v2\/users\/2"}],"replies":[{"embeddable":true,"href":"https:\/\/mathazay.fr\/index.php?rest_route=%2Fwp%2Fv2%2Fcomments&post=13"}],"version-history":[{"count":54,"href":"https:\/\/mathazay.fr\/index.php?rest_route=\/wp\/v2\/pages\/13\/revisions"}],"predecessor-version":[{"id":1319,"href":"https:\/\/mathazay.fr\/index.php?rest_route=\/wp\/v2\/pages\/13\/revisions\/1319"}],"up":[{"embeddable":true,"href":"https:\/\/mathazay.fr\/index.php?rest_route=\/wp\/v2\/pages\/48"}],"wp:featuredmedia":[{"embeddable":true,"href":"https:\/\/mathazay.fr\/index.php?rest_route=\/wp\/v2\/media\/104"}],"wp:attachment":[{"href":"https:\/\/mathazay.fr\/index.php?rest_route=%2Fwp%2Fv2%2Fmedia&parent=13"}],"curies":[{"name":"wp","href":"https:\/\/api.w.org\/{rel}","templated":true}]}}