{"id":1065,"date":"2017-08-18T10:56:35","date_gmt":"2017-08-18T08:56:35","guid":{"rendered":"http:\/\/mathazay.fr\/?page_id=1065"},"modified":"2018-06-30T17:07:30","modified_gmt":"2018-06-30T15:07:30","slug":"clicxludovia","status":"publish","type":"page","link":"https:\/\/mathazay.fr\/?page_id=1065","title":{"rendered":"CLIC2018"},"content":{"rendered":"<p><a href=\"http:\/\/mathazay.fr\/wp-content\/uploads\/2018\/06\/papy-mathazay-inverse-la-classe.pdf\">Papy inverse la classe<\/a><\/p>\n<p><a href=\"http:\/\/mathazay.fr\/wp-content\/uploads\/2018\/06\/classe-active.pdf\">Le cheminement<\/a><\/p>\n<p><a href=\"http:\/\/mathazay.fr\/wp-content\/uploads\/2018\/06\/100num\u00e9rique.pdf\">100% num\u00e9rique<\/a><\/p>\n<p><a href=\"http:\/\/mathazay.fr\/wp-content\/uploads\/2018\/06\/carte-bureau-num\u00e9rique.pdf\">Bureau num\u00e9rique<\/a><\/p>\n<p><a href=\"http:\/\/mathazay.fr\/wp-content\/uploads\/2017\/08\/Classe-invers\u00e9e.pdf\">Classe invers\u00e9e<\/a><\/p>\n<p><a href=\"http:\/\/mathazay.fr\/?p=772\">Mon travail pour un chapitre<\/a><\/p>\n<p><a href=\"http:\/\/mathazay.fr\/wp-content\/uploads\/2018\/06\/et-apr\u00e8s-3.pdf\">Et apr\u00e8s <\/a><\/p>\n","protected":false},"excerpt":{"rendered":"<p>Papy inverse la classe Le cheminement 100% num\u00e9rique Bureau num\u00e9rique Classe invers\u00e9e Mon travail pour un chapitre Et apr\u00e8s<\/p>\n","protected":false},"author":2,"featured_media":0,"parent":157,"menu_order":0,"comment_status":"closed","ping_status":"closed","template":"","meta":{"inline_featured_image":false,"footnotes":""},"class_list":["post-1065","page","type-page","status-publish","hentry"],"jetpack_sharing_enabled":true,"_links":{"self":[{"href":"https:\/\/mathazay.fr\/index.php?rest_route=\/wp\/v2\/pages\/1065","targetHints":{"allow":["GET"]}}],"collection":[{"href":"https:\/\/mathazay.fr\/index.php?rest_route=\/wp\/v2\/pages"}],"about":[{"href":"https:\/\/mathazay.fr\/index.php?rest_route=\/wp\/v2\/types\/page"}],"author":[{"embeddable":true,"href":"https:\/\/mathazay.fr\/index.php?rest_route=\/wp\/v2\/users\/2"}],"replies":[{"embeddable":true,"href":"https:\/\/mathazay.fr\/index.php?rest_route=%2Fwp%2Fv2%2Fcomments&post=1065"}],"version-history":[{"count":18,"href":"https:\/\/mathazay.fr\/index.php?rest_route=\/wp\/v2\/pages\/1065\/revisions"}],"predecessor-version":[{"id":1256,"href":"https:\/\/mathazay.fr\/index.php?rest_route=\/wp\/v2\/pages\/1065\/revisions\/1256"}],"up":[{"embeddable":true,"href":"https:\/\/mathazay.fr\/index.php?rest_route=\/wp\/v2\/pages\/157"}],"wp:attachment":[{"href":"https:\/\/mathazay.fr\/index.php?rest_route=%2Fwp%2Fv2%2Fmedia&parent=1065"}],"curies":[{"name":"wp","href":"https:\/\/api.w.org\/{rel}","templated":true}]}}